{"id":138,"date":"2011-08-26T12:54:33","date_gmt":"2011-08-26T12:54:33","guid":{"rendered":"http:\/\/www.forte-notensatz.de\/wordpress\/?page_id=138"},"modified":"2011-10-18T10:58:22","modified_gmt":"2011-10-18T08:58:22","slug":"franz-schubert","status":"publish","type":"page","link":"https:\/\/www.fortenotation.com\/en\/free-sheet-music\/franz-schubert\/","title":{"rendered":"Franz Schubert &#8211; Sheet Music"},"content":{"rendered":"<table class=\"easy-table-creator tablesorter\" style=\"width: 100%;\">\n<tbody>\n<tr>\n<td><a href=\"http:\/\/www.forte-notensatz.de\/files\/Schubert\/Der_Tod_und_das_Maedchen.fnf\">Der Tod und das M\u00e4dchen<\/a><\/td>\n<td><\/td>\n<\/tr>\n<tr>\n<td><a href=\"http:\/\/www.forte-notensatz.de\/files\/Schubert\/Naechtliches_Staendchen.fnf\">N\u00e4chtliches St\u00e4ndchen<\/a><\/td>\n<td><\/td>\n<\/tr>\n<\/tbody>\n<\/table>\n","protected":false},"excerpt":{"rendered":"<p>Der Tod und das M\u00e4dchen N\u00e4chtliches St\u00e4ndchen<\/p>\n","protected":false},"author":1,"featured_media":0,"parent":54,"menu_order":0,"comment_status":"closed","ping_status":"closed","template":"","meta":{"_seopress_robots_primary_cat":"","_seopress_titles_title":"","_seopress_titles_desc":"","_seopress_robots_index":"","footnotes":"","_links_to":"","_links_to_target":""},"folder":[],"class_list":["post-138","page","type-page","status-publish","hentry"],"_links":{"self":[{"href":"https:\/\/www.fortenotation.com\/en\/wp-json\/wp\/v2\/pages\/138","targetHints":{"allow":["GET"]}}],"collection":[{"href":"https:\/\/www.fortenotation.com\/en\/wp-json\/wp\/v2\/pages"}],"about":[{"href":"https:\/\/www.fortenotation.com\/en\/wp-json\/wp\/v2\/types\/page"}],"author":[{"embeddable":true,"href":"https:\/\/www.fortenotation.com\/en\/wp-json\/wp\/v2\/users\/1"}],"replies":[{"embeddable":true,"href":"https:\/\/www.fortenotation.com\/en\/wp-json\/wp\/v2\/comments?post=138"}],"version-history":[{"count":0,"href":"https:\/\/www.fortenotation.com\/en\/wp-json\/wp\/v2\/pages\/138\/revisions"}],"up":[{"embeddable":true,"href":"https:\/\/www.fortenotation.com\/en\/wp-json\/wp\/v2\/pages\/54"}],"wp:attachment":[{"href":"https:\/\/www.fortenotation.com\/en\/wp-json\/wp\/v2\/media?parent=138"}],"wp:term":[{"taxonomy":"folder","embeddable":true,"href":"https:\/\/www.fortenotation.com\/en\/wp-json\/wp\/v2\/folder?post=138"}],"curies":[{"name":"wp","href":"https:\/\/api.w.org\/{rel}","templated":true}]}}